{"id":271,"date":"2025-12-08T19:51:38","date_gmt":"2025-12-08T19:51:38","guid":{"rendered":"https:\/\/enzo.brechet.formation-esiac.fr\/?page_id=271"},"modified":"2026-01-12T08:22:55","modified_gmt":"2026-01-12T08:22:55","slug":"competences","status":"publish","type":"page","link":"https:\/\/enzo.brechet.formation-esiac.fr\/index.php\/competences\/","title":{"rendered":"Comp\u00e9tences"},"content":{"rendered":"\t\t<div data-elementor-type=\"wp-page\" data-elementor-id=\"271\" class=\"elementor elementor-271\">\n\t\t\t\t<div class=\"elementor-element elementor-element-22bb5e8 e-flex e-con-boxed e-con e-parent\" data-id=\"22bb5e8\" data-element_type=\"container\">\n\t\t\t\t\t<div class=\"e-con-inner\">\n\t\t\t\t<div class=\"elementor-element elementor-element-89a7cea elementor-widget elementor-widget-heading\" data-id=\"89a7cea\" data-element_type=\"widget\" data-widget_type=\"heading.default\">\n\t\t\t\t\t<h2 class=\"elementor-heading-title elementor-size-default\">Mes comp\u00e9tences<\/h2>\t\t\t\t<\/div>\n\t\t\t\t\t<\/div>\n\t\t\t\t<\/div>\n\t\t<div class=\"elementor-element elementor-element-aad31e0 e-flex e-con-boxed e-con e-parent\" data-id=\"aad31e0\" data-element_type=\"container\">\n\t\t\t\t\t<div class=\"e-con-inner\">\n\t\t\t\t<div class=\"elementor-element elementor-element-e24cc39 elementor-widget elementor-widget-text-editor\" data-id=\"e24cc39\" data-element_type=\"widget\" data-widget_type=\"text-editor.default\">\n\t\t\t\t\t\t\t\t\t<p>Technologies et outils ma\u00eetris\u00e9s<\/p>\t\t\t\t\t\t\t\t<\/div>\n\t\t\t\t\t<\/div>\n\t\t\t\t<\/div>\n\t\t<div class=\"elementor-element elementor-element-58b2fa6 e-flex e-con-boxed e-con e-parent\" data-id=\"58b2fa6\" data-element_type=\"container\">\n\t\t\t\t\t<div class=\"e-con-inner\">\n\t\t<div class=\"elementor-element elementor-element-c9822e3 e-grid e-con-full e-con e-child\" data-id=\"c9822e3\" data-element_type=\"container\">\n\t\t<div class=\"elementor-element elementor-element-b13f914 e-con-full e-transform e-flex e-con e-child\" data-id=\"b13f914\" data-element_type=\"container\" data-settings=\"{&quot;background_background&quot;:&quot;classic&quot;,&quot;_transform_translateY_effect_hover&quot;:{&quot;unit&quot;:&quot;px&quot;,&quot;size&quot;:-5,&quot;sizes&quot;:[]},&quot;_transform_translateX_effect_hover&quot;:{&quot;unit&quot;:&quot;px&quot;,&quot;size&quot;:&quot;&quot;,&quot;sizes&quot;:[]},&quot;_transform_translateX_effect_hover_tablet&quot;:{&quot;unit&quot;:&quot;px&quot;,&quot;size&quot;:&quot;&quot;,&quot;sizes&quot;:[]},&quot;_transform_translateX_effect_hover_mobile&quot;:{&quot;unit&quot;:&quot;px&quot;,&quot;size&quot;:&quot;&quot;,&quot;sizes&quot;:[]},&quot;_transform_translateY_effect_hover_tablet&quot;:{&quot;unit&quot;:&quot;px&quot;,&quot;size&quot;:&quot;&quot;,&quot;sizes&quot;:[]},&quot;_transform_translateY_effect_hover_mobile&quot;:{&quot;unit&quot;:&quot;px&quot;,&quot;size&quot;:&quot;&quot;,&quot;sizes&quot;:[]}}\">\n\t\t\t\t<div class=\"elementor-element elementor-element-6148b8e elementor-widget elementor-widget-heading\" data-id=\"6148b8e\" data-element_type=\"widget\" data-widget_type=\"heading.default\">\n\t\t\t\t\t<h2 class=\"elementor-heading-title elementor-size-default\">Syst\u00e8mes &amp; R\u00e9seaux<\/h2>\t\t\t\t<\/div>\n\t\t\t\t<div class=\"elementor-element elementor-element-023b7ee elementor-widget elementor-widget-progress\" data-id=\"023b7ee\" data-element_type=\"widget\" data-widget_type=\"progress.default\">\n\t\t\t\t\t\t\t\t<span class=\"elementor-title\" id=\"elementor-progress-bar-023b7ee\">\n\t\t\t\t\ud83e\ude9f Windows Server\t\t\t<\/span>\n\t\t\n\t\t<div aria-labelledby=\"elementor-progress-bar-023b7ee\" class=\"elementor-progress-wrapper\" role=\"progressbar\" aria-valuemin=\"0\" aria-valuemax=\"100\" aria-valuenow=\"75\">\n\t\t\t<div class=\"elementor-progress-bar\" data-max=\"75\">\n\t\t\t\t<span class=\"elementor-progress-text\"><\/span>\n\t\t\t\t\t\t\t\t\t<span class=\"elementor-progress-percentage\">75%<\/span>\n\t\t\t\t\t\t\t<\/div>\n\t\t<\/div>\n\t\t\t\t\t\t<\/div>\n\t\t\t\t<div class=\"elementor-element elementor-element-acb2cba elementor-widget elementor-widget-progress\" data-id=\"acb2cba\" data-element_type=\"widget\" data-widget_type=\"progress.default\">\n\t\t\t\t\t\t\t\t<span class=\"elementor-title\" id=\"elementor-progress-bar-acb2cba\">\n\t\t\t\t\ud83d\udc27 Linux\t\t\t<\/span>\n\t\t\n\t\t<div aria-labelledby=\"elementor-progress-bar-acb2cba\" class=\"elementor-progress-wrapper\" role=\"progressbar\" aria-valuemin=\"0\" aria-valuemax=\"100\" aria-valuenow=\"30\">\n\t\t\t<div class=\"elementor-progress-bar\" data-max=\"30\">\n\t\t\t\t<span class=\"elementor-progress-text\"><\/span>\n\t\t\t\t\t\t\t\t\t<span class=\"elementor-progress-percentage\">30%<\/span>\n\t\t\t\t\t\t\t<\/div>\n\t\t<\/div>\n\t\t\t\t\t\t<\/div>\n\t\t\t\t<div class=\"elementor-element elementor-element-44693fe elementor-widget elementor-widget-progress\" data-id=\"44693fe\" data-element_type=\"widget\" data-widget_type=\"progress.default\">\n\t\t\t\t\t\t\t\t<span class=\"elementor-title\" id=\"elementor-progress-bar-44693fe\">\n\t\t\t\t\ud83c\udf10 TCP\/IP\t\t\t<\/span>\n\t\t\n\t\t<div aria-labelledby=\"elementor-progress-bar-44693fe\" class=\"elementor-progress-wrapper\" role=\"progressbar\" aria-valuemin=\"0\" aria-valuemax=\"100\" aria-valuenow=\"40\">\n\t\t\t<div class=\"elementor-progress-bar\" data-max=\"40\">\n\t\t\t\t<span class=\"elementor-progress-text\"><\/span>\n\t\t\t\t\t\t\t\t\t<span class=\"elementor-progress-percentage\">40%<\/span>\n\t\t\t\t\t\t\t<\/div>\n\t\t<\/div>\n\t\t\t\t\t\t<\/div>\n\t\t\t\t<div class=\"elementor-element elementor-element-77a1e24 elementor-widget elementor-widget-progress\" data-id=\"77a1e24\" data-element_type=\"widget\" data-widget_type=\"progress.default\">\n\t\t\t\t\t\t\t\t<span class=\"elementor-title\" id=\"elementor-progress-bar-77a1e24\">\n\t\t\t\t\ud83d\udd12 Cybers\u00e9curit\u00e9\t\t\t<\/span>\n\t\t\n\t\t<div aria-labelledby=\"elementor-progress-bar-77a1e24\" class=\"elementor-progress-wrapper\" role=\"progressbar\" aria-valuemin=\"0\" aria-valuemax=\"100\" aria-valuenow=\"50\">\n\t\t\t<div class=\"elementor-progress-bar\" data-max=\"50\">\n\t\t\t\t<span class=\"elementor-progress-text\"><\/span>\n\t\t\t\t\t\t\t\t\t<span class=\"elementor-progress-percentage\">50%<\/span>\n\t\t\t\t\t\t\t<\/div>\n\t\t<\/div>\n\t\t\t\t\t\t<\/div>\n\t\t\t\t<\/div>\n\t\t<div class=\"elementor-element elementor-element-64f289b e-con-full e-transform e-flex e-con e-child\" data-id=\"64f289b\" data-element_type=\"container\" data-settings=\"{&quot;background_background&quot;:&quot;classic&quot;,&quot;_transform_translateY_effect_hover&quot;:{&quot;unit&quot;:&quot;px&quot;,&quot;size&quot;:-5,&quot;sizes&quot;:[]},&quot;_transform_translateX_effect_hover&quot;:{&quot;unit&quot;:&quot;px&quot;,&quot;size&quot;:&quot;&quot;,&quot;sizes&quot;:[]},&quot;_transform_translateX_effect_hover_tablet&quot;:{&quot;unit&quot;:&quot;px&quot;,&quot;size&quot;:&quot;&quot;,&quot;sizes&quot;:[]},&quot;_transform_translateX_effect_hover_mobile&quot;:{&quot;unit&quot;:&quot;px&quot;,&quot;size&quot;:&quot;&quot;,&quot;sizes&quot;:[]},&quot;_transform_translateY_effect_hover_tablet&quot;:{&quot;unit&quot;:&quot;px&quot;,&quot;size&quot;:&quot;&quot;,&quot;sizes&quot;:[]},&quot;_transform_translateY_effect_hover_mobile&quot;:{&quot;unit&quot;:&quot;px&quot;,&quot;size&quot;:&quot;&quot;,&quot;sizes&quot;:[]}}\">\n\t\t\t\t<div class=\"elementor-element elementor-element-95bbdac elementor-widget elementor-widget-heading\" data-id=\"95bbdac\" data-element_type=\"widget\" data-widget_type=\"heading.default\">\n\t\t\t\t\t<h2 class=\"elementor-heading-title elementor-size-default\">Bases de donn\u00e9es<\/h2>\t\t\t\t<\/div>\n\t\t\t\t<div class=\"elementor-element elementor-element-bcfb08a elementor-widget elementor-widget-progress\" data-id=\"bcfb08a\" data-element_type=\"widget\" data-widget_type=\"progress.default\">\n\t\t\t\t\t\t\t\t<span class=\"elementor-title\" id=\"elementor-progress-bar-bcfb08a\">\n\t\t\t\t\ud83d\udc2c MySQL\t\t\t<\/span>\n\t\t\n\t\t<div aria-labelledby=\"elementor-progress-bar-bcfb08a\" class=\"elementor-progress-wrapper\" role=\"progressbar\" aria-valuemin=\"0\" aria-valuemax=\"100\" aria-valuenow=\"45\">\n\t\t\t<div class=\"elementor-progress-bar\" data-max=\"45\">\n\t\t\t\t<span class=\"elementor-progress-text\"><\/span>\n\t\t\t\t\t\t\t\t\t<span class=\"elementor-progress-percentage\">45%<\/span>\n\t\t\t\t\t\t\t<\/div>\n\t\t<\/div>\n\t\t\t\t\t\t<\/div>\n\t\t\t\t<div class=\"elementor-element elementor-element-60008dd elementor-widget elementor-widget-progress\" data-id=\"60008dd\" data-element_type=\"widget\" data-widget_type=\"progress.default\">\n\t\t\t\t\t\t\t\t<span class=\"elementor-title\" id=\"elementor-progress-bar-60008dd\">\n\t\t\t\t\ud83c\udfe2 SQL Server\t\t\t<\/span>\n\t\t\n\t\t<div aria-labelledby=\"elementor-progress-bar-60008dd\" class=\"elementor-progress-wrapper\" role=\"progressbar\" aria-valuemin=\"0\" aria-valuemax=\"100\" aria-valuenow=\"35\">\n\t\t\t<div class=\"elementor-progress-bar\" data-max=\"35\">\n\t\t\t\t<span class=\"elementor-progress-text\"><\/span>\n\t\t\t\t\t\t\t\t\t<span class=\"elementor-progress-percentage\">35%<\/span>\n\t\t\t\t\t\t\t<\/div>\n\t\t<\/div>\n\t\t\t\t\t\t<\/div>\n\t\t\t\t<div class=\"elementor-element elementor-element-dcfe0c2 elementor-widget elementor-widget-progress\" data-id=\"dcfe0c2\" data-element_type=\"widget\" data-widget_type=\"progress.default\">\n\t\t\t\t\t\t\t\t<span class=\"elementor-title\" id=\"elementor-progress-bar-dcfe0c2\">\n\t\t\t\t\ud83c\udf43 MongoDB\t\t\t<\/span>\n\t\t\n\t\t<div aria-labelledby=\"elementor-progress-bar-dcfe0c2\" class=\"elementor-progress-wrapper\" role=\"progressbar\" aria-valuemin=\"0\" aria-valuemax=\"100\" aria-valuenow=\"25\">\n\t\t\t<div class=\"elementor-progress-bar\" data-max=\"25\">\n\t\t\t\t<span class=\"elementor-progress-text\"><\/span>\n\t\t\t\t\t\t\t\t\t<span class=\"elementor-progress-percentage\">25%<\/span>\n\t\t\t\t\t\t\t<\/div>\n\t\t<\/div>\n\t\t\t\t\t\t<\/div>\n\t\t\t\t<div class=\"elementor-element elementor-element-3b0f86e elementor-widget elementor-widget-progress\" data-id=\"3b0f86e\" data-element_type=\"widget\" data-widget_type=\"progress.default\">\n\t\t\t\t\t\t\t\t<span class=\"elementor-title\" id=\"elementor-progress-bar-3b0f86e\">\n\t\t\t\t\ud83d\udd0d SQL\t\t\t<\/span>\n\t\t\n\t\t<div aria-labelledby=\"elementor-progress-bar-3b0f86e\" class=\"elementor-progress-wrapper\" role=\"progressbar\" aria-valuemin=\"0\" aria-valuemax=\"100\" aria-valuenow=\"25\">\n\t\t\t<div class=\"elementor-progress-bar\" data-max=\"25\">\n\t\t\t\t<span class=\"elementor-progress-text\"><\/span>\n\t\t\t\t\t\t\t\t\t<span class=\"elementor-progress-percentage\">25%<\/span>\n\t\t\t\t\t\t\t<\/div>\n\t\t<\/div>\n\t\t\t\t\t\t<\/div>\n\t\t\t\t<\/div>\n\t\t\t\t<\/div>\n\t\t\t\t\t<\/div>\n\t\t\t\t<\/div>\n\t\t\t\t<\/div>\n\t\t","protected":false},"excerpt":{"rendered":"<p>Mes comp\u00e9tences Technologies et outils ma\u00eetris\u00e9s Syst\u00e8mes &amp; R\u00e9seaux \ud83e\ude9f Windows Server 75% \ud83d\udc27 Linux 30% \ud83c\udf10 TCP\/IP 40% \ud83d\udd12 Cybers\u00e9curit\u00e9 50% Bases de donn\u00e9es \ud83d\udc2c MySQL 45% \ud83c\udfe2 SQL Server 35% \ud83c\udf43 MongoDB 25% \ud83d\udd0d SQL 25%<\/p>\n","protected":false},"author":1,"featured_media":0,"parent":0,"menu_order":0,"comment_status":"closed","ping_status":"closed","template":"","meta":{"footnotes":""},"class_list":["post-271","page","type-page","status-publish","hentry"],"_links":{"self":[{"href":"https:\/\/enzo.brechet.formation-esiac.fr\/index.php\/wp-json\/wp\/v2\/pages\/271","targetHints":{"allow":["GET"]}}],"collection":[{"href":"https:\/\/enzo.brechet.formation-esiac.fr\/index.php\/wp-json\/wp\/v2\/pages"}],"about":[{"href":"https:\/\/enzo.brechet.formation-esiac.fr\/index.php\/wp-json\/wp\/v2\/types\/page"}],"author":[{"embeddable":true,"href":"https:\/\/enzo.brechet.formation-esiac.fr\/index.php\/wp-json\/wp\/v2\/users\/1"}],"replies":[{"embeddable":true,"href":"https:\/\/enzo.brechet.formation-esiac.fr\/index.php\/wp-json\/wp\/v2\/comments?post=271"}],"version-history":[{"count":19,"href":"https:\/\/enzo.brechet.formation-esiac.fr\/index.php\/wp-json\/wp\/v2\/pages\/271\/revisions"}],"predecessor-version":[{"id":360,"href":"https:\/\/enzo.brechet.formation-esiac.fr\/index.php\/wp-json\/wp\/v2\/pages\/271\/revisions\/360"}],"wp:attachment":[{"href":"https:\/\/enzo.brechet.formation-esiac.fr\/index.php\/wp-json\/wp\/v2\/media?parent=271"}],"curies":[{"name":"wp","href":"https:\/\/api.w.org\/{rel}","templated":true}]}}