{"id":254,"date":"2025-12-08T14:02:58","date_gmt":"2025-12-08T14:02:58","guid":{"rendered":"https:\/\/enzo.brechet.formation-esiac.fr\/?page_id=254"},"modified":"2025-12-09T10:14:53","modified_gmt":"2025-12-09T10:14:53","slug":"a-propos","status":"publish","type":"page","link":"https:\/\/enzo.brechet.formation-esiac.fr\/index.php\/a-propos\/","title":{"rendered":"\u00e0 propos"},"content":{"rendered":"\t\t<div data-elementor-type=\"wp-page\" data-elementor-id=\"254\" class=\"elementor elementor-254\">\n\t\t\t\t<div class=\"elementor-element elementor-element-0b331af e-grid e-con-boxed e-con e-parent\" data-id=\"0b331af\" data-element_type=\"container\">\n\t\t\t\t\t<div class=\"e-con-inner\">\n\t\t<div class=\"elementor-element elementor-element-e5fa645 e-con-full e-flex e-con e-child\" data-id=\"e5fa645\" data-element_type=\"container\" data-settings=\"{&quot;background_background&quot;:&quot;classic&quot;}\">\n\t\t\t\t<div class=\"elementor-element elementor-element-ba43fee elementor-widget elementor-widget-heading\" data-id=\"ba43fee\" data-element_type=\"widget\" data-widget_type=\"heading.default\">\n\t\t\t\t\t<h2 class=\"elementor-heading-title elementor-size-default\">\ud83d\udc68\u200d\ud83d\udcbb<\/h2>\t\t\t\t<\/div>\n\t\t\t\t<\/div>\n\t\t<div class=\"elementor-element elementor-element-3fd88f7 e-con-full e-flex e-con e-child\" data-id=\"3fd88f7\" data-element_type=\"container\">\n\t\t\t\t<div class=\"elementor-element elementor-element-da30062 elementor-widget elementor-widget-heading\" data-id=\"da30062\" data-element_type=\"widget\" data-widget_type=\"heading.default\">\n\t\t\t\t\t<h2 class=\"elementor-heading-title elementor-size-default\">\u00c0 propos de moi<\/h2>\t\t\t\t<\/div>\n\t\t\t\t<div class=\"elementor-element elementor-element-b1056dd elementor-widget elementor-widget-text-editor\" data-id=\"b1056dd\" data-element_type=\"widget\" data-widget_type=\"text-editor.default\">\n\t\t\t\t\t\t\t\t\t<p class=\"muted\">Actuellement en BTS SIO option SISR. Je m\u2019int\u00e9resse \u00e0 l\u2019administration syst\u00e8mes et r\u00e9seaux et \u00e0 la s\u00e9curit\u00e9.<\/p><div><p>\ud83c\udfaf Actuellement en\u00a0<strong>BTS Services Informatiques aux Organisations<\/strong>, je me sp\u00e9cialise dans l\u2019administration de syst\u00e8mes informatiques.<\/p><p>\ud83d\udca1 Passionn\u00e9 par les nouvelles technologies, j\u2019aime cr\u00e9er des solutions innovantes qui r\u00e9pondent aux besoins des utilisateurs. Mon approche combine cr\u00e9ativit\u00e9 technique et rigueur professionnelle.<\/p><p>\ud83d\ude80 Mon objectif est de devenir un\u00a0<strong>Directeur de Syst\u00e8me d\u2019Information<\/strong>, capable de g\u00e9rer des projets de A \u00e0 Z, de la conception \u00e0 la mise en production.<\/p><\/div>\t\t\t\t\t\t\t\t<\/div>\n\t\t<div class=\"elementor-element elementor-element-d0e1587 e-grid e-con-full e-con e-child\" data-id=\"d0e1587\" data-element_type=\"container\">\n\t\t<div class=\"elementor-element elementor-element-d5ec2b0 e-con-full e-transform e-transform e-flex e-con e-child\" data-id=\"d5ec2b0\" data-element_type=\"container\" data-settings=\"{&quot;_transform_translateY_effect_hover&quot;:{&quot;unit&quot;:&quot;px&quot;,&quot;size&quot;:-5,&quot;sizes&quot;:[]},&quot;_transform_translateX_effect&quot;:{&quot;unit&quot;:&quot;px&quot;,&quot;size&quot;:&quot;&quot;,&quot;sizes&quot;:[]},&quot;_transform_translateX_effect_tablet&quot;:{&quot;unit&quot;:&quot;px&quot;,&quot;size&quot;:&quot;&quot;,&quot;sizes&quot;:[]},&quot;_transform_translateX_effect_mobile&quot;:{&quot;unit&quot;:&quot;px&quot;,&quot;size&quot;:&quot;&quot;,&quot;sizes&quot;:[]},&quot;_transform_translateY_effect&quot;:{&quot;unit&quot;:&quot;px&quot;,&quot;size&quot;:&quot;&quot;,&quot;sizes&quot;:[]},&quot;_transform_translateY_effect_tablet&quot;:{&quot;unit&quot;:&quot;px&quot;,&quot;size&quot;:&quot;&quot;,&quot;sizes&quot;:[]},&quot;_transform_translateY_effect_mobile&quot;:{&quot;unit&quot;:&quot;px&quot;,&quot;size&quot;:&quot;&quot;,&quot;sizes&quot;:[]},&quot;_transform_translateX_effect_hover&quot;:{&quot;unit&quot;:&quot;px&quot;,&quot;size&quot;:&quot;&quot;,&quot;sizes&quot;:[]},&quot;_transform_translateX_effect_hover_tablet&quot;:{&quot;unit&quot;:&quot;px&quot;,&quot;size&quot;:&quot;&quot;,&quot;sizes&quot;:[]},&quot;_transform_translateX_effect_hover_mobile&quot;:{&quot;unit&quot;:&quot;px&quot;,&quot;size&quot;:&quot;&quot;,&quot;sizes&quot;:[]},&quot;_transform_translateY_effect_hover_tablet&quot;:{&quot;unit&quot;:&quot;px&quot;,&quot;size&quot;:&quot;&quot;,&quot;sizes&quot;:[]},&quot;_transform_translateY_effect_hover_mobile&quot;:{&quot;unit&quot;:&quot;px&quot;,&quot;size&quot;:&quot;&quot;,&quot;sizes&quot;:[]}}\">\n\t\t\t\t<div class=\"elementor-element elementor-element-5d89644 elementor-widget elementor-widget-heading\" data-id=\"5d89644\" data-element_type=\"widget\" data-widget_type=\"heading.default\">\n\t\t\t\t\t<h2 class=\"elementor-heading-title elementor-size-default\">2+<\/h2>\t\t\t\t<\/div>\n\t\t\t\t<div class=\"elementor-element elementor-element-c103965 elementor-widget elementor-widget-text-editor\" data-id=\"c103965\" data-element_type=\"widget\" data-widget_type=\"text-editor.default\">\n\t\t\t\t\t\t\t\t\t<p>Ann\u00e9es d\u2019\u00e9tudes<\/p>\t\t\t\t\t\t\t\t<\/div>\n\t\t\t\t<\/div>\n\t\t<div class=\"elementor-element elementor-element-d5d36f6 e-con-full e-transform e-flex e-con e-child\" data-id=\"d5d36f6\" data-element_type=\"container\" data-settings=\"{&quot;_transform_translateY_effect_hover&quot;:{&quot;unit&quot;:&quot;px&quot;,&quot;size&quot;:-5,&quot;sizes&quot;:[]},&quot;_transform_translateX_effect_hover&quot;:{&quot;unit&quot;:&quot;px&quot;,&quot;size&quot;:&quot;&quot;,&quot;sizes&quot;:[]},&quot;_transform_translateX_effect_hover_tablet&quot;:{&quot;unit&quot;:&quot;px&quot;,&quot;size&quot;:&quot;&quot;,&quot;sizes&quot;:[]},&quot;_transform_translateX_effect_hover_mobile&quot;:{&quot;unit&quot;:&quot;px&quot;,&quot;size&quot;:&quot;&quot;,&quot;sizes&quot;:[]},&quot;_transform_translateY_effect_hover_tablet&quot;:{&quot;unit&quot;:&quot;px&quot;,&quot;size&quot;:&quot;&quot;,&quot;sizes&quot;:[]},&quot;_transform_translateY_effect_hover_mobile&quot;:{&quot;unit&quot;:&quot;px&quot;,&quot;size&quot;:&quot;&quot;,&quot;sizes&quot;:[]}}\">\n\t\t\t\t<div class=\"elementor-element elementor-element-6822865 elementor-widget elementor-widget-heading\" data-id=\"6822865\" data-element_type=\"widget\" data-widget_type=\"heading.default\">\n\t\t\t\t\t<h2 class=\"elementor-heading-title elementor-size-default\">2+<\/h2>\t\t\t\t<\/div>\n\t\t\t\t<div class=\"elementor-element elementor-element-f1ba59a elementor-widget elementor-widget-text-editor\" data-id=\"f1ba59a\" data-element_type=\"widget\" data-widget_type=\"text-editor.default\">\n\t\t\t\t\t\t\t\t\t<p>Projets r\u00e9alis\u00e9s<\/p>\t\t\t\t\t\t\t\t<\/div>\n\t\t\t\t<\/div>\n\t\t\t\t<\/div>\n\t\t\t\t<\/div>\n\t\t\t\t\t<\/div>\n\t\t\t\t<\/div>\n\t\t\t\t<\/div>\n\t\t","protected":false},"excerpt":{"rendered":"<p>\ud83d\udc68\u200d\ud83d\udcbb \u00c0 propos de moi Actuellement en BTS SIO option SISR. Je m\u2019int\u00e9resse \u00e0 l\u2019administration syst\u00e8mes et r\u00e9seaux et \u00e0 la s\u00e9curit\u00e9. \ud83c\udfaf Actuellement en\u00a0BTS Services Informatiques aux Organisations, je me sp\u00e9cialise dans l\u2019administration de syst\u00e8mes informatiques. \ud83d\udca1 Passionn\u00e9 par les nouvelles technologies, j\u2019aime cr\u00e9er des solutions innovantes qui r\u00e9pondent aux besoins des utilisateurs. Mon [&hellip;]<\/p>\n","protected":false},"author":1,"featured_media":0,"parent":0,"menu_order":0,"comment_status":"closed","ping_status":"closed","template":"","meta":{"footnotes":""},"class_list":["post-254","page","type-page","status-publish","hentry"],"_links":{"self":[{"href":"https:\/\/enzo.brechet.formation-esiac.fr\/index.php\/wp-json\/wp\/v2\/pages\/254","targetHints":{"allow":["GET"]}}],"collection":[{"href":"https:\/\/enzo.brechet.formation-esiac.fr\/index.php\/wp-json\/wp\/v2\/pages"}],"about":[{"href":"https:\/\/enzo.brechet.formation-esiac.fr\/index.php\/wp-json\/wp\/v2\/types\/page"}],"author":[{"embeddable":true,"href":"https:\/\/enzo.brechet.formation-esiac.fr\/index.php\/wp-json\/wp\/v2\/users\/1"}],"replies":[{"embeddable":true,"href":"https:\/\/enzo.brechet.formation-esiac.fr\/index.php\/wp-json\/wp\/v2\/comments?post=254"}],"version-history":[{"count":7,"href":"https:\/\/enzo.brechet.formation-esiac.fr\/index.php\/wp-json\/wp\/v2\/pages\/254\/revisions"}],"predecessor-version":[{"id":323,"href":"https:\/\/enzo.brechet.formation-esiac.fr\/index.php\/wp-json\/wp\/v2\/pages\/254\/revisions\/323"}],"wp:attachment":[{"href":"https:\/\/enzo.brechet.formation-esiac.fr\/index.php\/wp-json\/wp\/v2\/media?parent=254"}],"curies":[{"name":"wp","href":"https:\/\/api.w.org\/{rel}","templated":true}]}}